{"id":130,"date":"2021-10-18T16:06:31","date_gmt":"2021-10-18T14:06:31","guid":{"rendered":"https:\/\/daccord-projekt.de\/WP\/?page_id=130"},"modified":"2021-10-21T14:51:37","modified_gmt":"2021-10-21T12:51:37","slug":"projekt","status":"publish","type":"page","link":"https:\/\/daccord-projekt.de\/WP\/projekt\/","title":{"rendered":"Projekt"},"content":{"rendered":"\n<p><strong>Das Verbundvorhaben &bdquo;D&rsquo;accord &ndash; Adaptive Datenschutz-Cockpits in digitalen &Ouml;kosystemen&ldquo;<\/strong><\/p>\n\n\n\n<h2 class=\"wp-block-heading\">Motivation<\/h2>\n\n\n\n<p>Digitale Plattformen und &Ouml;kosysteme werden immer popul&auml;rer. Durch die COVID-19-Pandemie und die Verlagerung vieler Gesch&auml;ftsmodelle ins Internet wurde dieser Trend nochmals verst&auml;rkt und auch kleinere Unternehmen bieten zunehmend digitale Dienste an. Allerdings ist das Potenzial noch gr&ouml;&szlig;er, denn viele Unternehmen nehmen Datenschutz heute noch als digitale Innovationsbremse wahr. Es fehlt an Richtlinien, Werkzeugen und L&ouml;sungen, um die gesetzlichen Vorgaben, beispielsweise die Datenschutz-Grundverordnung, einfach und wirksam umzusetzen. Erschwerend kommt hinzu, dass die Umsetzung von Datenschutzvorgaben umso komplexer wird, je mehr Unternehmen beteiligt sind und je intensiver sie personenbezogene Daten austauschen. Bei Online-Bestellungen beispielsweise geben H&auml;ndler die Daten zu den Bestellungen sowie den Kundinnen und Kunden oft an wechselnde Finanz- und Transportdienstleister weiter, die diese Daten ihrerseits an Subunternehmen &uuml;bermitteln. Hier ist es f&uuml;r die Betroffenen aktuell nahezu unm&ouml;glich, sich ein umfassendes Bild &uuml;ber die tats&auml;chliche Verwendung ihrer Daten zu verschaffen. Praxistaugliche Datenschutzkonzepte sind sowohl f&uuml;r Unternehmen als auch B&uuml;rgerinnen und B&uuml;rger wichtiger denn je.<\/p>\n\n\n\n<h2 class=\"wp-block-heading\">Ziele und Vorgehen<\/h2>\n\n\n\n<p>Im Verbundvorhaben &bdquo;D&rsquo;accord &ndash; Adaptive Datenschutz-Cockpits in digitalen &Ouml;kosystemen&ldquo; werden neuartige Konzepte und Werkzeuge entwickelt, mit denen Unternehmen bei der Verarbeitung personenbezogener Daten ein h&ouml;heres Ma&szlig; an Rechtssicherheit erreichen k&ouml;nnen, sowohl intern als auch unternehmens&uuml;bergreifend. Im Zentrum steht ein sogenanntes Datenschutz-Cockpit. Diese Softwarel&ouml;sung fungiert zum einen als zentrale Anlaufstelle f&uuml;r Betroffene, die sich &uuml;ber die Verwendung ihrer personenbezogenen Daten informieren wollen. Dies schafft Transparenz und Vertrauen. Zum anderen k&ouml;nnen die Betroffenen durch das Datenschutz-Cockpit aktiv Einfluss auf die Verwendung ihrer personenbezogenen Daten nehmen und ihre Betroffenenrechte aus&uuml;ben.<\/p>\n\n\n\n<h2 class=\"wp-block-heading\">Innovationen und Perspektiven<\/h2>\n\n\n\n<p>Kerninnovation des Vorhabens sind empirisch validierte Modelle sowie passende Konzepte und Technologien f&uuml;r Datenschutz-Cockpits. Mithilfe einer flexiblen Softwarel&ouml;sung k&ouml;nnen Unternehmen, die vom Angebot digitaler Services oder der Teilhabe in digitalen Systemen profitieren m&ouml;chten, Datenschutz-Cockpits f&uuml;r ihren spezifischen Kontext erstellen und implementieren. Auch kleinere Unternehmen sind so in der Lage, Datenschutzrichtlinien und Datenfl&uuml;sse transparenter darzustellen und die Betroffenenrechte rechtskonform umsetzen. Die Ergebnisse des D&rsquo;accord-Vorhabens helfen auf diese Weise dabei, Datenschutz als Innovationsfaktor in der deutschen Unternehmenslandschaft weiter zu st&auml;rken.<\/p>\n","protected":false},"excerpt":{"rendered":"<p>Das Verbundvorhaben &#8222;D\u2019accord \u2013 Adaptive Datenschutz-Cockpits in digitalen \u00d6kosystemen&#8220; Motivation Digitale Plattformen und \u00d6kosysteme werden immer popul\u00e4rer. Durch die COVID-19-Pandemie und die Verlagerung vieler Gesch\u00e4ftsmodelle ins Internet wurde dieser Trend nochmals verst\u00e4rkt und auch kleinere Unternehmen bieten zunehmend digitale Dienste<\/p>\n","protected":false},"author":3,"featured_media":0,"parent":0,"menu_order":0,"comment_status":"closed","ping_status":"closed","template":"","meta":{"pgc_sgb_lightbox_settings":"","footnotes":""},"class_list":["post-130","page","type-page","status-publish","hentry"],"_links":{"self":[{"href":"https:\/\/daccord-projekt.de\/WP\/wp-json\/wp\/v2\/pages\/130","targetHints":{"allow":["GET"]}}],"collection":[{"href":"https:\/\/daccord-projekt.de\/WP\/wp-json\/wp\/v2\/pages"}],"about":[{"href":"https:\/\/daccord-projekt.de\/WP\/wp-json\/wp\/v2\/types\/page"}],"author":[{"embeddable":true,"href":"https:\/\/daccord-projekt.de\/WP\/wp-json\/wp\/v2\/users\/3"}],"replies":[{"embeddable":true,"href":"https:\/\/daccord-projekt.de\/WP\/wp-json\/wp\/v2\/comments?post=130"}],"version-history":[{"count":9,"href":"https:\/\/daccord-projekt.de\/WP\/wp-json\/wp\/v2\/pages\/130\/revisions"}],"predecessor-version":[{"id":181,"href":"https:\/\/daccord-projekt.de\/WP\/wp-json\/wp\/v2\/pages\/130\/revisions\/181"}],"wp:attachment":[{"href":"https:\/\/daccord-projekt.de\/WP\/wp-json\/wp\/v2\/media?parent=130"}],"curies":[{"name":"wp","href":"https:\/\/api.w.org\/{rel}","templated":true}]}}