{"id":3,"date":"2021-10-11T16:44:14","date_gmt":"2021-10-11T14:44:14","guid":{"rendered":"https:\/\/daccord-projekt.de\/WP\/?page_id=3"},"modified":"2022-01-03T14:46:41","modified_gmt":"2022-01-03T13:46:41","slug":"datenschutzerklaerung","status":"publish","type":"page","link":"https:\/\/daccord-projekt.de\/WP\/datenschutzerklaerung\/","title":{"rendered":"Datenschutzerkl\u00e4rung"},"content":{"rendered":"\n<p>&sect; 1 Allgemeines<\/p>\n\n\n\n<p>Ihre personenbezogenen Daten (z. B. Anrede, Name, Anschrift, E-Mail-Adresse, Telefonnummer) werden von uns nur gem&auml;&szlig; den Bestimmungen des deutschen Datenschutzrechts und des Datenschutzrechts der Europ&auml;ischen Union (EU) verarbeitet. Die nachfolgenden Vorschriften informieren Sie neben den Verarbeitungszwecken, Rechtsgrundlagen, Empf&auml;ngern, Speicherfristen auch &uuml;ber Ihre Rechte und den Verantwortlichen f&uuml;r Ihre Datenverarbeitung. Diese Datenschutzerkl&auml;rung bezieht sich nur auf unsere Websites. Falls Sie &uuml;ber Links auf unseren Seiten auf andere Seiten weitergeleitet werden, informieren Sie sich bitte dort &uuml;ber den jeweiligen Umgang mit Ihren Daten.<\/p>\n\n\n\n<p>&sect; 2 Kommentare<\/p>\n\n\n\n<p>(1) Verarbeitungszweck<br>Es besteht die M&ouml;glichkeit einen Kommentar zu verfassen. Ihre Daten (z. B. Name\/Pseudonym, E-Mail-Adresse, Website) werden dann nur f&uuml;r den Zweck der Ver&ouml;ffentlichung Ihres Kommentars verarbeitet.<br>(2) Rechtsgrundlage<br>Rechtsgrundlage f&uuml;r diese Verarbeitung ist Art. 6 Abs. 1 f) DSGVO.<br>(3) Berechtigtes Interesse<br>Unser berechtigtes Interesse ist der &ouml;ffentliche Austausch von Nutzermeinungen zu bestimmten Themen und Produkten. Die Ver&ouml;ffentlichung dient u.a. der Transparenz und Meinungsbildung. Ihr Interesse am Datenschutz bleibt gewahrt, da Sie Ihren Kommentar unter einem Pseudonym ver&ouml;ffentlichen k&ouml;nnen.<br>(4) Speicherdauer<br>Eine bestimmte Speicherdauer ist nicht vorgesehen. Sie k&ouml;nnen jederzeit die L&ouml;schung Ihres Kommentars verlangen.<br>(5) WIDERSPRUCHSRECHT<br>Sie haben das Recht, der Datenverarbeitung die auf der Grundlage des Art. 6 Abs. 1 f) DSGVO erfolgt und nicht der Direktwerbung dient aus Gr&uuml;nden, die sich aus Ihrer besonderen Situation ergeben, jederzeit zu widersprechen.<br>Im Falle der Direktwerbung k&ouml;nnen Sie der Verarbeitung hingegen ohne Angabe von Gr&uuml;nden jederzeit widersprechen.<\/p>\n\n\n\n<p>&sect; 3 Informationen &uuml;ber Cookies<\/p>\n\n\n\n<p>(1) Verarbeitungszweck<br>Auf dieser Webseite werden technisch notwendige Cookies eingesetzt. Es handelt sich dabei um kleine Textdateien, die im bzw. von Ihrem Internetbrowser auf Ihrem Computersystem gespeichert werden.<br>(2) Rechtsgrundlage<br>Rechtsgrundlage f&uuml;r diese Verarbeitung ist Art. 6 Abs.1 f) DSGVO.<br>(3) Berechtigtes Interesse<br>Unser berechtigtes Interesse ist die Funktionsf&auml;higkeit unserer Webseite. Die durch technisch notwendige Cookies erhobenen Nutzerdaten werden nicht zur Erstellung von Nutzerprofilen verwendet. Dadurch wird Ihr Interesse am Datenschutz gewahrt.<br>(4) Speicherdauer<br>Die technisch notwendigen Cookies werden im Regelfall mit dem Schlie&szlig;en des Browsers gel&ouml;scht. Dauerhaft gespeicherte Cookies haben eine unterschiedlich lange Lebensdauer von einigen Minuten bis zu mehreren Jahren.<br>(5) WIDERSPRUCHSRECHT<br>Falls Sie die Speicherung dieser Cookies nicht w&uuml;nschen, deaktivieren Sie bitte die Annahme dieser Cookies in Ihrem Internetbrowser. Dies kann aber eine Funktionseinschr&auml;nkung unserer Webseite zur Folge haben. Dauerhaft gespeicherte Cookies k&ouml;nnen Sie ebenfalls jederzeit &uuml;ber Ihren Browser l&ouml;schen.<\/p>\n\n\n\n<p>&sect; 4 Rechte der betroffenen Person<\/p>\n\n\n\n<p>Werden personenbezogene Daten von Ihnen verarbeitet, sind Sie Betroffener i.S.d. DSGVO und es stehen Ihnen folgende Rechte uns gegen&uuml;ber zu:<\/p>\n\n\n\n<ol class=\"wp-block-list\"><li>Auskunftsrecht<\/li><\/ol>\n\n\n\n<p>Sie k&ouml;nnen von uns eine Best&auml;tigung dar&uuml;ber verlangen, ob personenbezogene Daten, die Sie betreffen, von uns verarbeitet werden.<br>Liegt eine solche Verarbeitung vor, k&ouml;nnen Sie von uns &uuml;ber folgende Informationen Auskunft verlangen:<br>(1) die Zwecke, zu denen die personenbezogenen Daten verarbeitet werden;<br>(2) die Kategorien von personenbezogenen Daten, welche verarbeitet werden;<br>(3) die Empf&auml;nger bzw. die Kategorien von Empf&auml;ngern, gegen&uuml;ber denen die Sie betreffenden personenbezogenen Daten offengelegt wurden oder noch offengelegt werden;<br>(4) die geplante Dauer der Speicherung der Sie betreffenden personenbezogenen Daten oder, falls konkrete Angaben hierzu nicht m&ouml;glich sind, Kriterien f&uuml;r die Festlegung der Speicherdauer;<br>(5) das Bestehen eines Rechts auf Berichtigung oder L&ouml;schung der Sie betreffenden personenbezogenen Daten, eines Rechts auf Einschr&auml;nkung der Verarbeitung durch uns oder eines Widerspruchsrechts gegen diese Verarbeitung;<br>(6) das Bestehen eines Beschwerderechts bei einer Aufsichtsbeh&ouml;rde;<br>(7) alle verf&uuml;gbaren Informationen &uuml;ber die Herkunft der Daten, wenn die personenbezogenen Daten nicht bei der betroffenen Person erhoben werden;<br>(8) das Bestehen einer automatisierten Entscheidungsfindung einschlie&szlig;lich Profiling gem&auml;&szlig; Art. 22 Abs. 1 und 4 DSGVO und &ndash; zumindest in diesen F&auml;llen &ndash; aussagekr&auml;ftige Informationen &uuml;ber die involvierte Logik sowie die Tragweite und die angestrebten Auswirkungen einer derartigen Verarbeitung f&uuml;r die betroffene Person.<br>Ihnen steht das Recht zu, Auskunft dar&uuml;ber zu verlangen, ob die Sie betreffenden personenbezogenen Daten in ein Drittland oder an eine internationale Organisation &uuml;bermittelt werden. In diesem Zusammenhang k&ouml;nnen Sie verlangen, &uuml;ber die geeigneten Garantien gem. Art. 46 DSGVO im Zusammenhang mit der &Uuml;bermittlung unterrichtet zu werden.<\/p>\n\n\n\n<ol class=\"wp-block-list\" start=\"2\"><li>Recht auf Berichtigung<\/li><\/ol>\n\n\n\n<p>Sie haben ein Recht auf Berichtigung und\/oder Vervollst&auml;ndigung uns gegen&uuml;ber, sofern die verarbeiteten personenbezogenen Daten, die Sie betreffen, unrichtig oder unvollst&auml;ndig sind. Wir m&uuml;ssen die Berichtigung unverz&uuml;glich vornehmen.<\/p>\n\n\n\n<ol class=\"wp-block-list\" start=\"3\"><li>Recht auf Einschr&auml;nkung der Verarbeitung<\/li><\/ol>\n\n\n\n<p>Unter den folgenden Voraussetzungen k&ouml;nnen Sie die Einschr&auml;nkung der Verarbeitung der Sie betreffenden personenbezogenen Daten verlangen:<br>(1) wenn Sie die Richtigkeit der Sie betreffenden personenbezogenen Daten f&uuml;r eine Dauer bestreiten, die es uns erm&ouml;glicht, die Richtigkeit der personenbezogenen Daten zu &uuml;berpr&uuml;fen;<br>(2) wenn die Verarbeitung unrechtm&auml;&szlig;ig ist und Sie die L&ouml;schung der personenbezogenen Daten ablehnen und stattdessen die Einschr&auml;nkung der Nutzung der personenbezogenen Daten verlangen;<br>(3) wenn wir die personenbezogenen Daten f&uuml;r die Zwecke der Verarbeitung nicht l&auml;nger ben&ouml;tigen, Sie diese jedoch zur Geltendmachung, Aus&uuml;bung oder Verteidigung von Rechtsanspr&uuml;chen ben&ouml;tigen, oder<br>(4) wenn Sie Widerspruch gegen die Verarbeitung gem&auml;&szlig; Art. 21 Abs. 1 DSGVO eingelegt haben und noch nicht feststeht, ob die uns zustehenden berechtigten Gr&uuml;nde gegen&uuml;ber Ihren Gr&uuml;nden &uuml;berwiegen.<br>Wurde die Verarbeitung der Sie betreffenden personenbezogenen Daten eingeschr&auml;nkt, d&uuml;rfen diese Daten &ndash; von ihrer Speicherung abgesehen &ndash; nur mit Ihrer Einwilligung oder zur Geltendmachung, Aus&uuml;bung oder Verteidigung von Rechtsanspr&uuml;chen oder zum Schutz der Rechte einer anderen nat&uuml;rlichen oder juristischen Person oder aus Gr&uuml;nden eines wichtigen &ouml;ffentlichen Interesses der Union oder eines Mitgliedstaats verarbeitet werden.<br>Wurde die Einschr&auml;nkung der Verarbeitung nach den oben genannten Voraussetzungen eingeschr&auml;nkt, werden Sie von uns unterrichtet bevor die Einschr&auml;nkung aufgehoben wird.<\/p>\n\n\n\n<ol class=\"wp-block-list\" start=\"4\"><li>Recht auf L&ouml;schung<\/li><\/ol>\n\n\n\n<p>a) L&ouml;schungspflicht<br>Sie k&ouml;nnen von uns verlangen, dass die Sie betreffenden personenbezogenen Daten unverz&uuml;glich gel&ouml;scht werden, und wir sind verpflichtet, diese Daten unverz&uuml;glich zu l&ouml;schen, sofern einer der folgenden Gr&uuml;nde zutrifft:<br>(1) Die Sie betreffenden personenbezogenen Daten sind f&uuml;r die Zwecke, f&uuml;r die sie erhoben oder auf sonstige Weise verarbeitet wurden, nicht mehr notwendig.<br>(2) Sie widerrufen Ihre Einwilligung, auf die sich die Verarbeitung gem. Art. 6 Abs. 1 lit. a oder Art. 9 Abs. 2 lit. a DSGVO st&uuml;tzte, und es fehlt an einer anderweitigen Rechtsgrundlage f&uuml;r die Verarbeitung.<br>(3) Sie legen gem. Art. 21 Abs. 1 DSGVO Widerspruch gegen die Verarbeitung ein und es liegen keine vorrangigen berechtigten Gr&uuml;nde f&uuml;r die Verarbeitung vor, oder Sie legen gem. Art. 21 Abs. 2 DSGVO Widerspruch gegen die Verarbeitung ein.<br>(4) Die Sie betreffenden personenbezogenen Daten wurden unrechtm&auml;&szlig;ig verarbeitet.<br>(5) Die L&ouml;schung der Sie betreffenden personenbezogenen Daten ist zur Erf&uuml;llung einer rechtlichen Verpflichtung nach dem Unionsrecht oder dem Recht der Mitgliedstaaten erforderlich, dem wir unterliegen.<br>(6) Die Sie betreffenden personenbezogenen Daten wurden in Bezug auf angebotene Dienste der Informationsgesellschaft gem&auml;&szlig; Art. 8 Abs. 1 DSGVO erhoben.<\/p>\n\n\n\n<p>b) Information an Dritte<br>Haben wir die Sie betreffenden personenbezogenen Daten &ouml;ffentlich gemacht und sind wir gem. Art. 17 Abs. 1 DSGVO zu deren L&ouml;schung verpflichtet, so treffen wir unter Ber&uuml;cksichtigung der verf&uuml;gbaren Technologie und der Implementierungskosten angemessene Ma&szlig;nahmen, auch technischer Art, um die f&uuml;r die Datenverarbeitung Verantwortlichen, die die personenbezogenen Daten verarbeiten, dar&uuml;ber zu informieren, dass Sie als betroffene Person von ihnen die L&ouml;schung aller Links zu diesen personenbezogenen Daten oder von Kopien oder Replikationen dieser personenbezogenen Daten verlangt haben.<\/p>\n\n\n\n<p>c) Ausnahmen<br>Das Recht auf L&ouml;schung besteht nicht, soweit die Verarbeitung erforderlich ist<br>(1) zur Aus&uuml;bung des Rechts auf freie Meinungs&auml;u&szlig;erung und Information;<br>(2) zur Erf&uuml;llung einer rechtlichen Verpflichtung, die die Verarbeitung nach dem Recht der Union oder der Mitgliedstaaten, dem wir unterliegen, erfordert, oder zur Wahrnehmung einer Aufgabe, die im &ouml;ffentlichen Interesse liegt oder in Aus&uuml;bung &ouml;ffentlicher Gewalt erfolgt, die uns &uuml;bertragen wurde;<br>(3) aus Gr&uuml;nden des &ouml;ffentlichen Interesses im Bereich der &ouml;ffentlichen Gesundheit gem&auml;&szlig; Art. 9 Abs. 2 lit. h und i sowie Art. 9 Abs. 3 DSGVO;<br>(4) f&uuml;r im &ouml;ffentlichen Interesse liegende Archivzwecke, wissenschaftliche oder historische Forschungszwecke oder f&uuml;r statistische Zwecke gem. Art. 89 Abs. 1 DSGVO, soweit das unter Abschnitt a) genannte Recht voraussichtlich die Verwirklichung der Ziele dieser Verarbeitung unm&ouml;glich macht oder ernsthaft beeintr&auml;chtigt, oder<br>(5) zur Geltendmachung, Aus&uuml;bung oder Verteidigung von Rechtsanspr&uuml;chen.<\/p>\n\n\n\n<ol class=\"wp-block-list\" start=\"5\"><li>Recht auf Unterrichtung<\/li><\/ol>\n\n\n\n<p>Haben Sie das Recht auf Berichtigung, L&ouml;schung oder Einschr&auml;nkung der Verarbeitung uns gegen&uuml;ber geltend gemacht, sind wir verpflichtet, allen Empf&auml;ngern, denen die Sie betreffenden personenbezogenen Daten offengelegt wurden, diese Berichtigung oder L&ouml;schung der Daten oder Einschr&auml;nkung der Verarbeitung mitzuteilen, es sei denn, dies erweist sich als unm&ouml;glich oder ist mit einem unverh&auml;ltnism&auml;&szlig;igen Aufwand verbunden.<br>Ihnen steht uns gegen&uuml;ber das Recht zu, &uuml;ber diese Empf&auml;nger unterrichtet zu werden.<\/p>\n\n\n\n<ol class=\"wp-block-list\" start=\"6\"><li>Recht auf Daten&uuml;bertragbarkeit<\/li><\/ol>\n\n\n\n<p>Sie haben das Recht, die Sie betreffenden personenbezogenen Daten, die Sie uns bereitgestellt haben, in einem strukturierten, g&auml;ngigen und maschinenlesbaren Format zu erhalten. Au&szlig;erdem haben Sie das Recht diese Daten einem anderen Verantwortlichen ohne Behinderung zu &uuml;bermitteln, sofern<br>(1) die Verarbeitung auf einer Einwilligung gem. Art. 6 Abs. 1 lit. a DSGVO oder Art. 9 Abs. 2 lit. a DSGVO oder auf einem Vertrag gem. Art. 6 Abs. 1 lit. b DSGVO beruht und<br>(2) die Verarbeitung mithilfe automatisierter Verfahren erfolgt.<br>In Aus&uuml;bung dieses Rechts haben Sie ferner das Recht, zu erwirken, dass die Sie betreffenden personenbezogenen Daten direkt von uns einem anderen Verantwortlichen &uuml;bermittelt werden, soweit dies technisch machbar ist. Freiheiten und Rechte anderer Personen d&uuml;rfen hierdurch nicht beeintr&auml;chtigt werden.<br>Das Recht auf Daten&uuml;bertragbarkeit gilt nicht f&uuml;r eine Verarbeitung personenbezogener Daten, die f&uuml;r die Wahrnehmung einer Aufgabe erforderlich ist, die im &ouml;ffentlichen Interesse liegt oder in Aus&uuml;bung &ouml;ffentlicher Gewalt erfolgt, die uns &uuml;bertragen wurde.<\/p>\n\n\n\n<ol class=\"wp-block-list\" start=\"7\"><li>Widerspruchsrecht<\/li><\/ol>\n\n\n\n<p>Sie haben das Recht, aus Gr&uuml;nden, die sich aus Ihrer besonderen Situation ergeben, jederzeit gegen die Verarbeitung der Sie betreffenden personenbezogenen Daten, die aufgrund von Art. 6 Abs. 1 lit. e oder f DSGVO erfolgt, Widerspruch einzulegen; dies gilt auch f&uuml;r ein auf diese Bestimmungen gest&uuml;tztes Profiling.<br>Wir verarbeiten die Sie betreffenden personenbezogenen Daten dann nicht mehr, es sei denn, wir k&ouml;nnen zwingende schutzw&uuml;rdige Gr&uuml;nde f&uuml;r die Verarbeitung nachweisen, die Ihre Interessen, Rechte und Freiheiten &uuml;berwiegen, oder die Verarbeitung dient der Geltendmachung, Aus&uuml;bung oder Verteidigung von Rechtsanspr&uuml;chen.<br>Werden die Sie betreffenden personenbezogenen Daten verarbeitet, um Direktwerbung zu betreiben, haben Sie das Recht, jederzeit Widerspruch gegen die Verarbeitung der Sie betreffenden personenbezogenen Daten zum Zwecke derartiger Werbung einzulegen; dies gilt auch f&uuml;r das Profiling, soweit es mit solcher Direktwerbung in Verbindung steht.<br>Widersprechen Sie der Verarbeitung f&uuml;r Zwecke der Direktwerbung, so werden die Sie betreffenden personenbezogenen Daten nicht mehr f&uuml;r diese Zwecke verarbeitet.<br>Sie haben die M&ouml;glichkeit, im Zusammenhang mit der Nutzung von Diensten der Informationsgesellschaft &ndash; ungeachtet der Richtlinie 2002\/58\/EG &ndash; Ihr Widerspruchsrecht mittels automatisierter Verfahren auszu&uuml;ben, bei denen technische Spezifikationen verwendet werden.<\/p>\n\n\n\n<ol class=\"wp-block-list\" start=\"8\"><li>Recht auf Widerruf der datenschutzrechtlichen Einwilligungserkl&auml;rung<\/li><\/ol>\n\n\n\n<p>Sie haben das Recht, Ihre datenschutzrechtliche Einwilligungserkl&auml;rung jederzeit zu widerrufen. Durch den Widerruf der Einwilligung wird die Rechtm&auml;&szlig;igkeit der aufgrund der Einwilligung bis zum Widerruf erfolgten Verarbeitung nicht ber&uuml;hrt.<\/p>\n\n\n\n<ol class=\"wp-block-list\" start=\"9\"><li>Automatisierte Entscheidung im Einzelfall einschlie&szlig;lich Profiling<\/li><\/ol>\n\n\n\n<p>Sie haben das Recht, nicht einer ausschlie&szlig;lich auf einer automatisierten Verarbeitung &ndash; einschlie&szlig;lich Profiling &ndash; beruhenden Entscheidung unterworfen zu werden, die Ihnen gegen&uuml;ber rechtliche Wirkung entfaltet oder Sie in &auml;hnlicher Weise erheblich beeintr&auml;chtigt. Dies gilt nicht, wenn die Entscheidung<br>(1) f&uuml;r den Abschluss oder die Erf&uuml;llung eines Vertrags zwischen Ihnen und uns erforderlich ist,<br>(2) aufgrund von Rechtsvorschriften der Union oder der Mitgliedstaaten, denen wir unterliegen, zul&auml;ssig ist und diese Rechtsvorschriften angemessene Ma&szlig;nahmen zur Wahrung Ihrer Rechte und Freiheiten sowie Ihrer berechtigten Interessen enthalten oder<br>(3) mit Ihrer ausdr&uuml;cklichen Einwilligung erfolgt.<br>Allerdings d&uuml;rfen diese Entscheidungen nicht auf besonderen Kategorien personenbezogener Daten nach Art. 9 Abs. 1 DSGVO beruhen, sofern nicht Art. 9 Abs. 2 lit. a oder g gilt und angemessene Ma&szlig;nahmen zum Schutz der Rechte und Freiheiten sowie Ihrer berechtigten Interessen getroffen wurden.<br>Hinsichtlich der in (1) und (3) genannten F&auml;lle treffen wir angemessene Ma&szlig;nahmen, um die Rechte und Freiheiten sowie Ihre berechtigten Interessen zu wahren.<\/p>\n\n\n\n<ol class=\"wp-block-list\" start=\"10\"><li>Recht auf Beschwerde bei einer Aufsichtsbeh&ouml;rde<\/li><\/ol>\n\n\n\n<p>Unbeschadet eines anderweitigen verwaltungsrechtlichen oder gerichtlichen Rechtsbehelfs steht Ihnen das Recht auf Beschwerde bei einer Aufsichtsbeh&ouml;rde, insbesondere in dem Mitgliedstaat Ihres Aufenthaltsorts, Ihres Arbeitsplatzes oder des Orts des mutma&szlig;lichen Versto&szlig;es, zu, wenn Sie der Ansicht sind, dass die Verarbeitung der Sie betreffenden personenbezogenen Daten gegen die DSGVO verst&ouml;&szlig;t.<br>Die Aufsichtsbeh&ouml;rde, bei der die Beschwerde eingereicht wurde, unterrichtet den Beschwerdef&uuml;hrer &uuml;ber den Stand und die Ergebnisse der Beschwerde einschlie&szlig;lich der M&ouml;glichkeit eines gerichtlichen Rechtsbehelfs nach Art. 78 DSGVO.<\/p>\n\n\n\n<p>Verantwortlicher f&uuml;r die Datenverarbeitung:<br>HK Business Solutions GmbH<br>St.-Barbara-Stra&szlig;e 12<br>66299 Friedrichsthal<br>Telefon: 06897 999040<br><a href=\"&#x6d;a&#x69;&#108;&#x74;&#111;&#x3a;&#x69;n&#x66;&#111;&#x40;&#104;&#x6b;&#45;b&#x73;&#46;&#x64;&#101;\">&#105;&#x6e;&#102;&#x6f;&#64;&#x68;&#107;&#x2d;&#98;&#x73;&#46;&#x64;&#101;<\/a><\/p>\n","protected":false},"excerpt":{"rendered":"<p>\u00a7 1 Allgemeines Ihre personenbezogenen Daten (z. B. Anrede, Name, Anschrift, E-Mail-Adresse, Telefonnummer) werden von uns nur gem\u00e4\u00df den Bestimmungen des deutschen Datenschutzrechts und des Datenschutzrechts der Europ\u00e4ischen Union (EU) verarbeitet. Die nachfolgenden Vorschriften informieren Sie neben den Verarbeitungszwecken, Rechtsgrundlagen,<\/p>\n","protected":false},"author":3,"featured_media":0,"parent":0,"menu_order":0,"comment_status":"closed","ping_status":"open","template":"","meta":{"pgc_sgb_lightbox_settings":"","footnotes":""},"class_list":["post-3","page","type-page","status-publish","hentry"],"_links":{"self":[{"href":"https:\/\/daccord-projekt.de\/WP\/wp-json\/wp\/v2\/pages\/3","targetHints":{"allow":["GET"]}}],"collection":[{"href":"https:\/\/daccord-projekt.de\/WP\/wp-json\/wp\/v2\/pages"}],"about":[{"href":"https:\/\/daccord-projekt.de\/WP\/wp-json\/wp\/v2\/types\/page"}],"author":[{"embeddable":true,"href":"https:\/\/daccord-projekt.de\/WP\/wp-json\/wp\/v2\/users\/3"}],"replies":[{"embeddable":true,"href":"https:\/\/daccord-projekt.de\/WP\/wp-json\/wp\/v2\/comments?post=3"}],"version-history":[{"count":4,"href":"https:\/\/daccord-projekt.de\/WP\/wp-json\/wp\/v2\/pages\/3\/revisions"}],"predecessor-version":[{"id":199,"href":"https:\/\/daccord-projekt.de\/WP\/wp-json\/wp\/v2\/pages\/3\/revisions\/199"}],"wp:attachment":[{"href":"https:\/\/daccord-projekt.de\/WP\/wp-json\/wp\/v2\/media?parent=3"}],"curies":[{"name":"wp","href":"https:\/\/api.w.org\/{rel}","templated":true}]}}