{"id":421,"date":"2022-10-27T15:34:31","date_gmt":"2022-10-27T13:34:31","guid":{"rendered":"https:\/\/daccord-projekt.de\/WP\/?page_id=421"},"modified":"2025-07-02T09:43:49","modified_gmt":"2025-07-02T07:43:49","slug":"veroeffentlichungen","status":"publish","type":"page","link":"https:\/\/daccord-projekt.de\/WP\/veroeffentlichungen\/","title":{"rendered":"Ver\u00f6ffentlichungen"},"content":{"rendered":"\n<p>Auf dieser Seite sind die im Rahmen von D&rsquo;accord entstandenen Konferenz-, Workshop- und Zeitschriftenbeitr&auml;ge aufgef&uuml;hrt. Au&szlig;erdem finden Sie hier Vortragsfolien zum Herunterladen sowie Links zu Whitepapers und externen Blogbeitr&auml;gen, die in D&rsquo;accord entstanden sind. Bei Fragen oder R&uuml;ckmeldungen zu den Ver&ouml;ffentlichungen schreiben Sie gerne eine E-Mail an <a rel=\"noreferrer noopener\" href=\"&#x6d;&#97;i&#x6c;&#x74;&#111;:&#x68;&#x61;&#114;t&#x6d;&#x75;&#116;&#46;&#x73;&#x63;&#104;m&#x69;&#116;&#116;&#64;&#x68;&#107;-&#x62;&#x73;&#46;d&#x65;\" target=\"_blank\">&#104;&#x61;&#x72;t&#109;&#x75;t&#46;&#x73;&#x63;h&#109;&#x69;t&#116;&#x40;&#x68;k&#45;&#x62;s&#46;&#x64;&#x65;<\/a>.<\/p>\n\n\n\n<h2 class=\"wp-block-heading\">Konferenz-, Workshop-, Buch- und Zeitschriftenbeitr&auml;ge<\/h2>\n\n\n\n<p>Bianca Steffes, Christian K. Bosse, Aljoscha Dietrich, Hartmut Schmitt: <em>Einwilligung oder Anonymisiserung? Rechtliche Implikationen der Datenverarbeitung im Besch&auml;ftigungskontext<\/em>. In: Erich Schweighofer, Ahti Saarenp&auml;&auml;, Stefan Eder, Jakob Zanol, Felix Schmautzer, Franz Kummer, Philip Hanke (Hrsg.): Recht DIGITAL &ndash; 25 Jahre IRIS: Tagungsband des 25. Internationalen Rechtsinformatik Symposions IRIS 2022. Editions Weblaw, Bern. Verf&uuml;gbar unter: <a rel=\"noreferrer noopener\" href=\"https:\/\/jusletter-it.weblaw.ch\/issues\/2022\/24-Februar-2022\/einwilligung-oder-an_2ded9f0c9a.html\" target=\"_blank\">https:\/\/jusletter-it.weblaw.ch\/issues\/2022\/24-Februar-2022\/einwilligung-oder-an_2ded9f0c9a.html<\/a><\/p>\n\n\n\n<p>Bianca Steffes, Simone Salemi, Denis Feth, Eduard C. Groen: <em>Generic Consents in Digital Ecosystems: Legal, Psychological, and Technical Perspectives<\/em>. In: Nina Gerber, Alina St&ouml;ver, Karola Marky (Hrsg.): Human Factors in Privacy Research, S. 255&ndash;282. Springer, Cham. Verf&uuml;gbar unter: <a href=\"https:\/\/link.springer.com\/chapter\/10.1007\/978-3-031-28643-8_13\" target=\"_blank\" rel=\"noreferrer noopener\">https:\/\/link.springer.com\/chapter\/10.1007\/978-3-031-28643-8_13<\/a><\/p>\n\n\n\n<p>Christian K. Bosse, Denis Feth, Hartmut Schmitt: <em>Challenges, Conflicts, and Solution Strategies for the Introduction of Corporate Data Protection Measures<\/em>. In: Nina Gerber, Alina St&ouml;ver, Karola Marky (Hrsg.): Human Factors in Privacy Research, S. 337&ndash;351. Springer, Cham. Verf&uuml;gbar unter: <a href=\"https:\/\/link.springer.com\/chapter\/10.1007\/978-3-031-28643-8_17\" target=\"_blank\" rel=\"noreferrer noopener\">https:\/\/link.springer.com\/chapter\/10.1007\/978-3-031-28643-8_17<\/a><\/p>\n\n\n\n<p>Christian K. Bosse, Florian Dehling, Eduard C. Groen, Simone Salemi, Hartmut Schmitt: <em>Auf dem Weg zu gebrauchstauglichen Datenschutzl&ouml;sungen f&uuml;r digitale &Ouml;kosysteme<\/em>. In: DuD Datenschutz und Datensicherheit 2024 (2), S. 82&ndash;88. Springer Gabler, Wiesbaden. Verf&uuml;gbar unter: <a href=\"https:\/\/link.springer.com\/article\/10.1007\/s11623-023-1886-6\" target=\"_blank\" rel=\"noreferrer noopener\">https:\/\/link.springer.com\/article\/10.1007\/s11623-023-1886-6<\/a><\/p>\n\n\n\n<p>Denis Feth, Hartmut Schmitt, Luigi Lo Iacono: <em>Daten&ouml;konomie trifft Datenschutz<\/em>. In: DuD Datenschutz und Datensicherheit 2024 (2), S. 73. Springer Gabler, Wiesbaden. Verf&uuml;gbar unter: <a href=\"https:\/\/link.springer.com\/article\/10.1007\/s11623-023-1883-9\" target=\"_blank\" rel=\"noreferrer noopener\">https:\/\/link.springer.com\/article\/10.1007\/s11623-023-1883-9<\/a><\/p>\n\n\n\n<p>Eduard C. Groen, Denis Feth, Svenja Polst, Jan Tolsdorf, Stephan Wiefling, Luigi Lo Iacono, Hartmut Schmitt: <em>Achieving Usable Security and Privacy Through Human-Centered Design<\/em>. In: Nina Gerber, Alina St&ouml;ver, Karola Marky (Hrsg.): Human Factors in Privacy Research, S. 83&ndash;113. Springer, Cham. Verf&uuml;gbar unter: <a href=\"https:\/\/link.springer.com\/chapter\/10.1007\/978-3-031-28643-8_5\" target=\"_blank\" rel=\"noreferrer noopener\">https:\/\/link.springer.com\/chapter\/10.1007\/978-3-031-28643-8_5<\/a><\/p>\n\n\n\n<p>Florian Dehling, Jan Tolsdorf, Luigi Lo Iacono: <em>Right Here, Right Now: User Perceptions of In-Place Contextual Privacy Options<\/em>. 2025, IEEE. Verf&uuml;gbar unter: <a href=\"https:\/\/doi.org\/10.22029\/jlupub-19955\" target=\"_blank\" rel=\"noreferrer noopener\">https:\/\/doi.org\/10.22029\/jlupub-19955<\/a><\/p>\n\n\n\n<p>Florian Dehling, Stefanie Ludborzs, Andreas We&szlig;ner, Rodrigo Falc&atilde;o: <em>Konzepte f&uuml;r gebrauchstaugliche Datenschutzfunktionen in digitalen &Ouml;kosystemen<\/em>. In: DuD Datenschutz und Datensicherheit 2024 (2), S. 95&ndash;102. Springer Gabler, Wiesbaden. Verf&uuml;gbar unter: <a href=\"https:\/\/link.springer.com\/article\/10.1007\/s11623-023-1888-4\" target=\"_blank\" rel=\"noreferrer noopener\">https:\/\/link.springer.com\/article\/10.1007\/s11623-023-1888-4<\/a><\/p>\n\n\n\n<p>Hartmut Schmitt, Christian H. Schunck, Luigi Lo Iacono: <em>Daten&ouml;konomie in digitalen &Ouml;kosystemen<\/em>. In: In: DuD Datenschutz und Datensicherheit 2024 (2), S. 77&ndash;81. Springer Gabler, Wiesbaden. Verf&uuml;gbar unter: <a href=\"https:\/\/link.springer.com\/article\/10.1007\/s11623-023-1885-7\" target=\"_blank\" rel=\"noreferrer noopener\">https:\/\/link.springer.com\/article\/10.1007\/s11623-023-1885-7<\/a><\/p>\n\n\n\n<p>Hartmut Schmitt &amp; Eduard C. Groen: <em>Erreichen von Usable Privacy durch die Einbindung bew&auml;hrter RE-Methoden im Human-Centered-Design-Prozess<\/em>. Softwaretechnik-Trends 43 (1), S. 10&ndash;11. Verf&uuml;gbar unter: <a href=\"https:\/\/fb-swt.gi.de\/fileadmin\/FB\/SWT\/Softwaretechnik-Trends\/Verzeichnis\/Band_43_Heft_1\/FGRE2022_04_Schmitt_Groen_REMethodenImHCDProzess.pdf\" target=\"_blank\" rel=\"noreferrer noopener\">https:\/\/fb-swt.gi.de\/fileadmin\/FB\/SWT\/Softwaretechnik-Trends\/Verzeichnis\/Band_43_Heft_1\/FGRE2022_04_Schmitt_Groen_REMethodenImHCDProzess.pdf<\/a><\/p>\n\n\n\n<p>Jan Tolsdorf, Luigi Lo Iacono: <em>Data Cart: A Privacy Pattern for Personal Data Management in Organizations<\/em>. In: Nina Gerber, Alina St&ouml;ver, Karola Marky (Hrsg.): Human Factors in Privacy Research, S. 353&ndash;378. Springer, Cham. Verf&uuml;gbar unter: <a href=\"https:\/\/link.springer.com\/chapter\/10.1007\/978-3-031-28643-8_18\" target=\"_blank\" rel=\"noreferrer noopener\">https:\/\/link.springer.com\/chapter\/10.1007\/978-3-031-28643-8_18<\/a><\/p>\n\n\n\n<p>Luigi Lo Iacono, Hartmut Schmitt, Denis Feth, Andreas Heinemann: <em>9. Usable Security und Privacy Workshop<\/em>. In: Peter Fr&ouml;hlich, Vanessa Cobus (Hrsg.), Mensch und Computer 2023 &ndash; Workshopband. Gesellschaft f&uuml;r Informatik e.V., Bonn. Verf&uuml;gbar unter: <a href=\"https:\/\/dl.gi.de\/items\/3a360c9e-9a15-412b-a4ea-a9cdda6cb784\" target=\"_blank\" rel=\"noreferrer noopener\">https:\/\/dl.gi.de\/items\/3a360c9e-9a15-412b-a4ea-a9cdda6cb784<\/a><\/p>\n\n\n\n<p>Luigi Lo Iacono, Hartmut Schmitt, Denis Feth, Andreas Heinemann: <em>10. Usable Security und Privacy Workshop<\/em>. In: Mensch und Computer 2024 &ndash; Workshopband. Gesellschaft f&uuml;r Informatik e.V., Bonn. Verf&uuml;gbar unter: <a href=\"https:\/\/dl.gi.de\/items\/3f7fc7ff-2f06-4583-839d-53290b4660d3\" target=\"_blank\" rel=\"noreferrer noopener\">https:\/\/dl.gi.de\/items\/3f7fc7ff-2f06-4583-839d-53290b4660d3<\/a><\/p>\n\n\n\n<p>Luigi Lo Iacono, Hartmut Schmitt, Svenja Polst, Andreas Heinemann: <em>8. Usable Security und Privacy Workshop<\/em>. In: Karola Marky, Uwe Gr&uuml;nefeld, Thomas Kosch (Hrsg.), Mensch und Computer 2022 &ndash; Workshopband. Gesellschaft f&uuml;r Informatik e.V., Bonn. Verf&uuml;gbar unter: <a rel=\"noreferrer noopener\" href=\"https:\/\/dl.gi.de\/handle\/20.500.12116\/39050\" target=\"_blank\">https:\/\/dl.gi.de\/handle\/20.500.12116\/39050<\/a>  <\/p>\n\n\n\n<p>Rodrigo Falc&atilde;o &amp; Arghavan Hosseinzadeh: <em>Towards a Decentralized Data Privacy Protocol for Self-sovereignty in the Digital World<\/em>. 1st International Usable Security and Privacy for Emerging Technologies Workshop (ASPIRING 2024, co-located with the 18th International Conferecence on Research Challenges in Information Science RCIS 2024). Verf&uuml;gbar unter: <a href=\"https:\/\/ceur-ws.org\/Vol-3674\/ASPIRING-paper1.pdf\" target=\"_blank\" rel=\"noreferrer noopener\">https:\/\/ceur-ws.org\/Vol-3674\/ASPIRING-paper1.pdf<\/a><\/p>\n\n\n\n<p>Simone Salemi: <em>Chancen und Risiken von PIMS nach &sect; 26 TTDSG<\/em>. Datenschutz und Datensicherheit &ndash; DuD, Ausgabe 8\/2022, S. 505&ndash;510. Verf&uuml;gbar unter: <a rel=\"noreferrer noopener\" href=\"https:\/\/link.springer.com\/article\/10.1007\/s11623-022-1648-x\" target=\"_blank\">https:\/\/link.springer.com\/article\/10.1007\/s11623-022-1648-x<\/a><\/p>\n\n\n\n<p>Stephan Wiefling, Jan Tolsdorf, Luigi Lo Iacono: <em>Data Protection Officers&lsquo; Perspectives on Privacy Challenges in Digital Ecosystems<\/em>. The 4th Workshop on Security, Privacy, Organizations, and Systems Engineering (SPOSE 2022, in conjunction with ESORICS 2022), S. 228&ndash;247. Verf&uuml;gbar unter: <a href=\"https:\/\/link.springer.com\/chapter\/10.1007\/978-3-031-25460-4_13\" target=\"_blank\" rel=\"noreferrer noopener\">https:\/\/link.springer.com\/chapter\/10.1007\/978-3-031-25460-4_13<\/a><\/p>\n\n\n\n<h2 class=\"wp-block-heading\">Sonstige Ver&ouml;ffentlichungen (Vortragsfolien, externe Blogbeitr&auml;ge, Whitepapers)<\/h2>\n\n\n\n<p>Denis Feth: <em>Benutzerfreundliche Umsetzung von Datensouver&auml;nit&auml;t in Digitalen &Ouml;kosystemen<\/em>. Keynote, 8. Usable Security und Privacy Workshop. Verf&uuml;gbar unter: <a rel=\"noreferrer noopener\" href=\"https:\/\/daccord-projekt.de\/WP\/wp-content\/uploads\/2022\/10\/Feth-2022-Datensouveraenitaet-in-Digitalen-Oekosystemen-slides.pdf\" target=\"_blank\">https:\/\/daccord-projekt.de\/WP\/wp-content\/uploads\/2022\/10\/Feth-2022-Datensouveraenitaet-in-Digitalen-Oekosystemen-slides.pdf<\/a><\/p>\n\n\n\n<p>Denis Feth &amp; Svenja Polst: <em>Benutzerfreundliche Umsetzung von Datensouver&auml;nit&auml;t in Digitalen &Ouml;kosystemen<\/em>. Whitepaper. Verf&uuml;gbar unter: <a rel=\"noreferrer noopener\" href=\"https:\/\/www.iese.fraunhofer.de\/content\/dam\/iese\/dokumente\/leistungen\/benutzerfreundliche_umsetzung_von_datensouveraenitaet_in_digitalen_oekosystemen-fraunhofer_iese.pdf\" target=\"_blank\">https:\/\/www.iese.fraunhofer.de\/content\/dam\/iese\/dokumente\/leistungen\/benutzerfreundliche_umsetzung_von_datensouveraenitaet_in_digitalen_oekosystemen-fraunhofer_iese.pdf<\/a><\/p>\n\n\n\n<p>Hartmut Schmitt &amp; Denis Feth: <em>Warum Datenschutz nicht der Feind sein muss<\/em>. Gastbeitrag, UIG-Magazin. Verf&uuml;gbar unter: <a rel=\"noreferrer noopener\" href=\"https:\/\/www.kompetenzzentrum-usability.digital\/kos\/WNetz?art=News.show&amp;id=1932\" target=\"_blank\">https:\/\/www.kompetenzzentrum-usability.digital\/kos\/WNetz?art=News.show&amp;id=1932<\/a><\/p>\n\n\n\n<p>Hartmut Schmitt &amp; Eduard C. Groen: <em>Erreichen von Usable Privacy durch die Einbindung bew&auml;hrter RE-Methoden im Human-Centered-Design-Prozess<\/em>. Vortrag, Diskussionsaustausch &bdquo;Menschenzentriertes RE&ldquo; der Fachgruppe Requirements Engineering der Gesellschaft f&uuml;r Informatik. Verf&uuml;gbar unter: <a rel=\"noreferrer noopener\" href=\"https:\/\/daccord-projekt.de\/WP\/wp-content\/uploads\/2022\/11\/FGRE-Diskussionsautausch_Schmitt-Groen.pdf\" target=\"_blank\">https:\/\/daccord-projekt.de\/WP\/wp-content\/uploads\/2022\/11\/FGRE-Diskussionsautausch_Schmitt-Groen.pdf<\/a><\/p>\n\n\n\n<h2 class=\"wp-block-heading\">Poster<\/h2>\n\n\n\n<figure class=\"wp-block-image aligncenter size-full is-resized\"><a href=\"https:\/\/daccord-projekt.de\/WP\/wp-content\/uploads\/2023\/03\/Daccord_Poster_-v2-scaled.jpg\" target=\"_blank\" rel=\"noreferrer noopener\"><img loading=\"lazy\" decoding=\"async\" width=\"567\" height=\"851\" src=\"https:\/\/daccord-projekt.de\/WP\/wp-content\/uploads\/2023\/03\/Daccord_Poster_-v2klein.jpg\" alt=\"\" class=\"wp-image-557\" style=\"width:425px;height:638px\" srcset=\"https:\/\/daccord-projekt.de\/WP\/wp-content\/uploads\/2023\/03\/Daccord_Poster_-v2klein.jpg 567w, https:\/\/daccord-projekt.de\/WP\/wp-content\/uploads\/2023\/03\/Daccord_Poster_-v2klein-200x300.jpg 200w\" sizes=\"auto, (max-width: 567px) 100vw, 567px\"><\/a><figcaption class=\"wp-element-caption\">Hartmut Schmitt, Christian Bosse, Denis Feth: <em>Ber&uuml;cksichtigung der sozialen Sph&auml;re bei der Umsetzung von Datenschutz-Ma&szlig;nahmen<\/em>. Nationale Konferenz IT-Sicherheitsforschung 2023.<\/figcaption><\/figure>\n\n\n\n<p><\/p>\n","protected":false},"excerpt":{"rendered":"<p>Auf dieser Seite sind die im Rahmen von D\u2019accord entstandenen Konferenz-, Workshop- und Zeitschriftenbeitr\u00e4ge aufgef\u00fchrt. Au\u00dferdem finden Sie hier Vortragsfolien zum Herunterladen sowie Links zu Whitepapers und externen Blogbeitr\u00e4gen, die in D\u2019accord entstanden sind. Bei Fragen oder R\u00fcckmeldungen zu den<\/p>\n","protected":false},"author":2,"featured_media":0,"parent":0,"menu_order":0,"comment_status":"closed","ping_status":"closed","template":"","meta":{"pgc_sgb_lightbox_settings":"","footnotes":""},"class_list":["post-421","page","type-page","status-publish","hentry"],"_links":{"self":[{"href":"https:\/\/daccord-projekt.de\/WP\/wp-json\/wp\/v2\/pages\/421","targetHints":{"allow":["GET"]}}],"collection":[{"href":"https:\/\/daccord-projekt.de\/WP\/wp-json\/wp\/v2\/pages"}],"about":[{"href":"https:\/\/daccord-projekt.de\/WP\/wp-json\/wp\/v2\/types\/page"}],"author":[{"embeddable":true,"href":"https:\/\/daccord-projekt.de\/WP\/wp-json\/wp\/v2\/users\/2"}],"replies":[{"embeddable":true,"href":"https:\/\/daccord-projekt.de\/WP\/wp-json\/wp\/v2\/comments?post=421"}],"version-history":[{"count":19,"href":"https:\/\/daccord-projekt.de\/WP\/wp-json\/wp\/v2\/pages\/421\/revisions"}],"predecessor-version":[{"id":811,"href":"https:\/\/daccord-projekt.de\/WP\/wp-json\/wp\/v2\/pages\/421\/revisions\/811"}],"wp:attachment":[{"href":"https:\/\/daccord-projekt.de\/WP\/wp-json\/wp\/v2\/media?parent=421"}],"curies":[{"name":"wp","href":"https:\/\/api.w.org\/{rel}","templated":true}]}}