{"id":70,"date":"2021-10-18T14:28:23","date_gmt":"2021-10-18T12:28:23","guid":{"rendered":"https:\/\/daccord-projekt.de\/WP\/?page_id=70"},"modified":"2022-01-03T14:46:06","modified_gmt":"2022-01-03T13:46:06","slug":"hk-business-solutions-gmbh","status":"publish","type":"page","link":"https:\/\/daccord-projekt.de\/WP\/hk-business-solutions-gmbh\/","title":{"rendered":"HK Business Solutions GmbH"},"content":{"rendered":"\n<p>Als Experte f&uuml;r betriebswirtschaftliche Software stellt die HK Business Solutions insbesondere mittelst&auml;ndischen Unternehmen ein umfassendes Produktangebot mitsamt passender Hardware und Netzwerktechnik bereit. Zum Kerngesch&auml;ft geh&ouml;rt neben der Softwareentwicklung die Einf&uuml;hrung von Enterprise-Ressource-Planning(ERP)-Software, Produktionsplanungs- und -steuerungs(PPS)-Software und Customer-Relationship-Management(CRM)-Software bei KMU.<\/p>\n\n\n\n<p>Die HK Business Solutions verf&uuml;gt &uuml;ber 17 Jahre Erfahrung bei der Entwicklung firmenspezifischer Softwarel&ouml;sungen f&uuml;r Kunden aus unterschiedlichsten Branchen. Das Unternehmen war als Konsortialf&uuml;hrer bzw. -partner an mehreren BMBF- und BMWi-Verbundprojekten beteiligt (PQ4Agile, USecureD, Abakus, Kommunikado, TrUSD).<\/p>\n\n\n\n<div class=\"wp-block-image is-style-default\"><figure class=\"alignright size-full is-resized\"><a href=\"https:\/\/www.hk-bs.de\/\" target=\"_blank\" rel=\"noopener\"><img loading=\"lazy\" decoding=\"async\" src=\"https:\/\/daccord-projekt.de\/WP\/wp-content\/uploads\/2021\/10\/HKBS.jpg\" alt=\"\" class=\"wp-image-45\" width=\"310\" height=\"107\"><\/a><\/figure><\/div>\n\n\n\n<p>Kontakt:<br>HK Business Solutions GmbH<br>Hartmut Schmitt<br>St.-Barbara-Stra&szlig;e 12<br>66299 Friedrichsthal<\/p>\n\n\n\n<p><a href=\"&#x6d;&#97;i&#x6c;&#116;o&#x3a;&#104;a&#x72;&#x74;&#109;&#x75;&#x74;&#46;s&#x63;&#104;m&#x69;&#116;t&#x40;&#x68;&#107;&#x2d;&#x62;&#115;&#46;&#x64;&#101;\">&#x68;a&#x72;&#116;&#x6d;&#117;t&#x2e;s&#x63;&#104;&#x6d;&#105;t&#x74;&#64;&#x68;&#107;-&#x62;s&#x2e;&#100;&#x65;<\/a><br><a rel=\"noreferrer noopener\" href=\"http:\/\/www.hk-bs.de\" target=\"_blank\">www.hk-bs.de<\/a><\/p>\n","protected":false},"excerpt":{"rendered":"<p>Als Experte f\u00fcr betriebswirtschaftliche Software stellt die HK Business Solutions insbesondere mittelst\u00e4ndischen Unternehmen ein umfassendes Produktangebot mitsamt passender Hardware und Netzwerktechnik bereit. Zum Kerngesch\u00e4ft geh\u00f6rt neben der Softwareentwicklung die Einf\u00fchrung von Enterprise-Ressource-Planning(ERP)-Software, Produktionsplanungs- und -steuerungs(PPS)-Software und Customer-Relationship-Management(CRM)-Software bei KMU. Die<\/p>\n","protected":false},"author":3,"featured_media":0,"parent":0,"menu_order":0,"comment_status":"closed","ping_status":"closed","template":"","meta":{"pgc_sgb_lightbox_settings":"","footnotes":""},"class_list":["post-70","page","type-page","status-publish","hentry"],"_links":{"self":[{"href":"https:\/\/daccord-projekt.de\/WP\/wp-json\/wp\/v2\/pages\/70","targetHints":{"allow":["GET"]}}],"collection":[{"href":"https:\/\/daccord-projekt.de\/WP\/wp-json\/wp\/v2\/pages"}],"about":[{"href":"https:\/\/daccord-projekt.de\/WP\/wp-json\/wp\/v2\/types\/page"}],"author":[{"embeddable":true,"href":"https:\/\/daccord-projekt.de\/WP\/wp-json\/wp\/v2\/users\/3"}],"replies":[{"embeddable":true,"href":"https:\/\/daccord-projekt.de\/WP\/wp-json\/wp\/v2\/comments?post=70"}],"version-history":[{"count":9,"href":"https:\/\/daccord-projekt.de\/WP\/wp-json\/wp\/v2\/pages\/70\/revisions"}],"predecessor-version":[{"id":197,"href":"https:\/\/daccord-projekt.de\/WP\/wp-json\/wp\/v2\/pages\/70\/revisions\/197"}],"wp:attachment":[{"href":"https:\/\/daccord-projekt.de\/WP\/wp-json\/wp\/v2\/media?parent=70"}],"curies":[{"name":"wp","href":"https:\/\/api.w.org\/{rel}","templated":true}]}}