{"id":728,"date":"2024-01-16T16:45:14","date_gmt":"2024-01-16T15:45:14","guid":{"rendered":"https:\/\/daccord-projekt.de\/WP\/?page_id=728"},"modified":"2025-02-10T14:47:17","modified_gmt":"2025-02-10T13:47:17","slug":"ergebnisse","status":"publish","type":"page","link":"https:\/\/daccord-projekt.de\/WP\/ergebnisse\/","title":{"rendered":"Projektergebnisse"},"content":{"rendered":"\n<h2 class=\"wp-block-heading\">Kataloge<\/h2>\n\n\n\n<ul class=\"wp-block-list\">\n<li><a href=\"https:\/\/daccord-projekt.de\/WP\/wp-content\/uploads\/2024\/02\/Daccord_Katalog_Datenschutzbedarfe-V1.1.pdf\" data-type=\"link\" data-id=\"https:\/\/daccord-projekt.de\/WP\/wp-content\/uploads\/2024\/02\/Daccord_Katalog_Datenschutzbedarfe-V1.1.pdf\" target=\"_blank\" rel=\"noreferrer noopener\">Katalog Datenschutzbedarfe (Version 1.1, Stand: Februar 2024)<\/a><\/li>\n\n\n\n<li><a href=\"https:\/\/daccord-projekt.de\/WP\/wp-content\/uploads\/2024\/01\/Daccord_Katalog_Randbedingungen_V1.pdf\" target=\"_blank\" rel=\"noreferrer noopener\">Katalog rechtlicher Randbedingungen (Version 1, Stand: November 2023)<\/a><\/li>\n<\/ul>\n\n\n\n<h2 class=\"wp-block-heading\">Unsere Projektergebnisse auf Github<\/h2>\n\n\n\n<p>Um mit D&rsquo;accord eine m&ouml;glichst gro&szlig;e Breitenwirkung zu erzielen, haben wir s&auml;mtliche finalen Projektergebnisse f&uuml;r die Ver&ouml;ffentlichung auf der Softwareentwicklungsplattform Github aufbereitet. Alle Interessenten k&ouml;nnen sich auf unserer <a href=\"https:\/\/fraunhofer-iese.github.io\/Daccord\/\" target=\"_blank\" rel=\"noreferrer noopener\">&ouml;ffentlichen Github-Pr&auml;senz<\/a> mit Informationen rund um Datenschutz in digitalen &Ouml;kosystemen und dessen Umsetzung in Form von Datenschutz-Cockpits versorgen. In insgesamt sechs Kapiteln f&uuml;hren wir durch die Ergebnisse des Projekts.<\/p>\n\n\n\n<figure class=\"wp-block-image size-large\"><a href=\"https:\/\/fraunhofer-iese.github.io\/Daccord\/\" target=\"_blank\" rel=\"noreferrer noopener\"><img loading=\"lazy\" decoding=\"async\" width=\"1024\" height=\"317\" src=\"https:\/\/daccord-projekt.de\/WP\/wp-content\/uploads\/2024\/10\/Uebersicht_Werkzeugkasten-1024x317.png\" alt=\"\" class=\"wp-image-786\" srcset=\"https:\/\/daccord-projekt.de\/WP\/wp-content\/uploads\/2024\/10\/Uebersicht_Werkzeugkasten-1024x317.png 1024w, https:\/\/daccord-projekt.de\/WP\/wp-content\/uploads\/2024\/10\/Uebersicht_Werkzeugkasten-300x93.png 300w, https:\/\/daccord-projekt.de\/WP\/wp-content\/uploads\/2024\/10\/Uebersicht_Werkzeugkasten-768x238.png 768w, https:\/\/daccord-projekt.de\/WP\/wp-content\/uploads\/2024\/10\/Uebersicht_Werkzeugkasten-1536x476.png 1536w, https:\/\/daccord-projekt.de\/WP\/wp-content\/uploads\/2024\/10\/Uebersicht_Werkzeugkasten-2048x635.png 2048w\" sizes=\"auto, (max-width: 1024px) 100vw, 1024px\"><\/a><\/figure>\n\n\n\n<ul class=\"wp-block-list\">\n<li>In der <strong><a href=\"https:\/\/fraunhofer-iese.github.io\/Daccord\/Einleitung\/\" target=\"_blank\" rel=\"noreferrer noopener\">Einleitung<\/a> <\/strong>erl&auml;utern wir, was es mit digitalen &Ouml;kosystemen auf sich hat, wie und warum dort Daten verarbeitet werden und warum Datenschutz hierbei besonders herausfordernd ist.<\/li>\n\n\n\n<li>Unter <strong><a href=\"https:\/\/fraunhofer-iese.github.io\/Daccord\/Anforderungen\/\" target=\"_blank\" rel=\"noreferrer noopener\">Anforderungen<\/a> <\/strong>gehen wir auf die verschiedenen Zielgruppen\/Stakeholder und deren Bedarfe sowie die rechtlichen Randbedingungen ein. Wir liefern Anwendungsf&auml;lle, System-, Prozess- und Interaktionsanforderungen sowie ein Qualit&auml;tsmodell.<\/li>\n\n\n\n<li>Im Kapitel <strong><a href=\"https:\/\/fraunhofer-iese.github.io\/Daccord\/Realisierung\/\" target=\"_blank\" rel=\"noreferrer noopener\">Realisierung<\/a> <\/strong>zeigen wir verschiedene M&ouml;glichkeiten der technischen und gestalterischen Umsetzung, auch ganz konkret anhand exemplarischer Demonstratoren.<\/li>\n\n\n\n<li>In <strong><a href=\"https:\/\/fraunhofer-iese.github.io\/Daccord\/Bewertung\/\" target=\"_blank\" rel=\"noreferrer noopener\">&Uuml;berpr&uuml;fung<\/a> <\/strong>beschreiben wir, wie wir unsere Ergebnisse im Projekt evaluiert haben, und stellen einen Kriterienkataloge zur Verf&uuml;gung, mit dem im eigenen Kontext Qualit&auml;tsbewertungen vorgenommen werden k&ouml;nnen.<\/li>\n\n\n\n<li>Unter <strong><a href=\"https:\/\/fraunhofer-iese.github.io\/Daccord\/Systemeinf%C3%BChrung\/\" target=\"_blank\" rel=\"noreferrer noopener\">Systemeinf&uuml;hrung<\/a> <\/strong>erl&auml;utern wir, wie Datenschutz-Cockpits eingef&uuml;hrt werden k&ouml;nnen und wie die Anwender zu einer korrekten Nutzung bef&auml;higt werden k&ouml;nnen.<\/li>\n\n\n\n<li><strong><a href=\"https:\/\/fraunhofer-iese.github.io\/Daccord\/Lesestoff\/\" target=\"_blank\" rel=\"noreferrer noopener\">Weiterer Lesestoff<\/a><\/strong> b&uuml;ndelt alle Informationen zu unseren Ver&ouml;ffentlichungen und den Veranstaltungen des D&rsquo;accord-Projekts.<\/li>\n<\/ul>\n\n\n\n<p>F&uuml;r alle R&uuml;ckfragen zu den D&rsquo;accord-Projektergebnissen stehen wir gerne zur Verf&uuml;gung!<\/p>\n","protected":false},"excerpt":{"rendered":"<p>Kataloge Unsere Projektergebnisse auf Github Um mit D\u2019accord eine m\u00f6glichst gro\u00dfe Breitenwirkung zu erzielen, haben wir s\u00e4mtliche finalen Projektergebnisse f\u00fcr die Ver\u00f6ffentlichung auf der Softwareentwicklungsplattform Github aufbereitet. Alle Interessenten k\u00f6nnen sich auf unserer \u00f6ffentlichen Github-Pr\u00e4senz mit Informationen rund um Datenschutz<\/p>\n","protected":false},"author":2,"featured_media":0,"parent":0,"menu_order":0,"comment_status":"closed","ping_status":"closed","template":"","meta":{"pgc_sgb_lightbox_settings":"","footnotes":""},"class_list":["post-728","page","type-page","status-publish","hentry"],"_links":{"self":[{"href":"https:\/\/daccord-projekt.de\/WP\/wp-json\/wp\/v2\/pages\/728","targetHints":{"allow":["GET"]}}],"collection":[{"href":"https:\/\/daccord-projekt.de\/WP\/wp-json\/wp\/v2\/pages"}],"about":[{"href":"https:\/\/daccord-projekt.de\/WP\/wp-json\/wp\/v2\/types\/page"}],"author":[{"embeddable":true,"href":"https:\/\/daccord-projekt.de\/WP\/wp-json\/wp\/v2\/users\/2"}],"replies":[{"embeddable":true,"href":"https:\/\/daccord-projekt.de\/WP\/wp-json\/wp\/v2\/comments?post=728"}],"version-history":[{"count":13,"href":"https:\/\/daccord-projekt.de\/WP\/wp-json\/wp\/v2\/pages\/728\/revisions"}],"predecessor-version":[{"id":803,"href":"https:\/\/daccord-projekt.de\/WP\/wp-json\/wp\/v2\/pages\/728\/revisions\/803"}],"wp:attachment":[{"href":"https:\/\/daccord-projekt.de\/WP\/wp-json\/wp\/v2\/media?parent=728"}],"curies":[{"name":"wp","href":"https:\/\/api.w.org\/{rel}","templated":true}]}}