{"id":74,"date":"2021-10-18T14:33:10","date_gmt":"2021-10-18T12:33:10","guid":{"rendered":"https:\/\/daccord-projekt.de\/WP\/?page_id=74"},"modified":"2022-12-02T10:06:33","modified_gmt":"2022-12-02T09:06:33","slug":"fraunhofer-iese","status":"publish","type":"page","link":"https:\/\/daccord-projekt.de\/WP\/fraunhofer-iese\/","title":{"rendered":"Fraunhofer IESE"},"content":{"rendered":"\n<p>Das Fraunhofer-Institut f&uuml;r Experimentelles Software Engineering IESE in Kaiserslautern geh&ouml;rt zu den weltweit f&uuml;hrenden Forschungseinrichtungen auf dem Gebiet der Software- und Systementwicklungsmethoden. Das in Forschungsprojekten erlangte Wissen tr&auml;gt das IESE direkt in angewandten Projekten in die Industrie.<\/p>\n\n\n\n<p>Im Bereich der IT-Security erforscht das Institut Methoden zur Risikoanalyse sicherheitskritischer Systeme, zur Erfassung der Sicherheitsanforderungen und zum Entwurf sicherer Systeme. F&uuml;r seine Beitr&auml;ge auf diesem Gebiet wurde es 2014 mit einem Innovationspreis der European Association of Research and Technology Organisation EARTO f&uuml;r das neu entwickelte Usage-Control-Konzept IND&sup2;UCE ausgezeichnet, das zusammen mit Industriepartnern als MYDATA zur Marktreife weiterentwickelt wurde.<\/p>\n\n\n\n<figure class=\"wp-block-image alignright size-full\"><a href=\"https:\/\/www.iese.fraunhofer.de\/\" target=\"_blank\" rel=\"noopener\"><img loading=\"lazy\" decoding=\"async\" width=\"300\" height=\"82\" src=\"https:\/\/daccord-projekt.de\/WP\/wp-content\/uploads\/2021\/10\/IESE.png\" alt=\"\" class=\"wp-image-46\"><\/a><\/figure>\n\n\n\n<p>Kontakt:<br>Fraunhofer IESE<br>Denis Feth<br>Fraunhofer-Platz 1<br>67663 Kaiserslautern<br><a href=\"&#x6d;&#x61;&#105;&#108;to&#x3a;&#x64;&#x65;&#110;is&#x2e;&#x66;&#x65;&#116;&#104;&#64;&#x69;&#x65;&#x73;&#101;&#46;f&#x72;&#x61;&#x75;&#110;&#104;of&#x65;&#x72;&#x2e;&#100;e\">&#x64;&#101;&#x6e;&#105;s&#x2e;&#102;e&#x74;&#104;&#x40;&#x69;e&#x73;&#101;&#46;&#x66;&#114;&#x61;&#x75;n&#x68;&#111;f&#x65;&#114;&#46;&#x64;&#101;<\/a><br><a rel=\"noreferrer noopener\" href=\"https:\/\/www.iese.fraunhofer.de\/\" target=\"_blank\">www.iese.fraunhofer.de<\/a><\/p>\n\n\n\n<p><\/p>\n","protected":false},"excerpt":{"rendered":"<p>Das Fraunhofer-Institut f\u00fcr Experimentelles Software Engineering IESE in Kaiserslautern geh\u00f6rt zu den weltweit f\u00fchrenden Forschungseinrichtungen auf dem Gebiet der Software- und Systementwicklungsmethoden. Das in Forschungsprojekten erlangte Wissen tr\u00e4gt das IESE direkt in angewandten Projekten in die Industrie. Im Bereich der<\/p>\n","protected":false},"author":3,"featured_media":0,"parent":0,"menu_order":0,"comment_status":"closed","ping_status":"closed","template":"","meta":{"pgc_sgb_lightbox_settings":"","footnotes":""},"class_list":["post-74","page","type-page","status-publish","hentry"],"_links":{"self":[{"href":"https:\/\/daccord-projekt.de\/WP\/wp-json\/wp\/v2\/pages\/74","targetHints":{"allow":["GET"]}}],"collection":[{"href":"https:\/\/daccord-projekt.de\/WP\/wp-json\/wp\/v2\/pages"}],"about":[{"href":"https:\/\/daccord-projekt.de\/WP\/wp-json\/wp\/v2\/types\/page"}],"author":[{"embeddable":true,"href":"https:\/\/daccord-projekt.de\/WP\/wp-json\/wp\/v2\/users\/3"}],"replies":[{"embeddable":true,"href":"https:\/\/daccord-projekt.de\/WP\/wp-json\/wp\/v2\/comments?post=74"}],"version-history":[{"count":11,"href":"https:\/\/daccord-projekt.de\/WP\/wp-json\/wp\/v2\/pages\/74\/revisions"}],"predecessor-version":[{"id":530,"href":"https:\/\/daccord-projekt.de\/WP\/wp-json\/wp\/v2\/pages\/74\/revisions\/530"}],"wp:attachment":[{"href":"https:\/\/daccord-projekt.de\/WP\/wp-json\/wp\/v2\/media?parent=74"}],"curies":[{"name":"wp","href":"https:\/\/api.w.org\/{rel}","templated":true}]}}