{"id":99,"date":"2021-10-18T15:23:25","date_gmt":"2021-10-18T13:23:25","guid":{"rendered":"https:\/\/daccord-projekt.de\/WP\/?page_id=99"},"modified":"2021-10-21T14:42:51","modified_gmt":"2021-10-21T12:42:51","slug":"universitaet-des-saarlandes","status":"publish","type":"page","link":"https:\/\/daccord-projekt.de\/WP\/universitaet-des-saarlandes\/","title":{"rendered":"Universit\u00e4t des Saarlandes"},"content":{"rendered":"\n<p>Informatik, die Nano- und Biowissenschaften sowie Europa bestimmen das Forschungsprofil der Universit&auml;t des Saarlandes. Die Erfolge der Informatik und zahlreiche international anerkannte, extern finanzierte Forschungsprojekte belegen im gesamten F&auml;cherspektrum die Qualit&auml;t der wissenschaftlichen Arbeit.<\/p>\n\n\n\n<p>Die juris-Stiftungsprofessur f&uuml;r Rechtsinformatik (Professor Sorge) geh&ouml;rt dem Institut f&uuml;r Rechtsinformatik der juristischen Fakult&auml;t und dem IT-Sicherheitszentrum CISPA an. Juristen und Informatiker arbeiten im interdisziplin&auml;ren Team u. a. zum Datenschutz. Die Forschung umfasst angewandte Kryptographie und Rechtsfragen des Datenschutzes sowie angrenzender Rechtsgebiete. Neben akademischen Erfolgen erlangte die Gruppe auch mehrfach internationale Medienpr&auml;senz.<\/p>\n\n\n\n<div class=\"wp-block-image\"><figure class=\"alignright\"><a href=\"https:\/\/www.uni-saarland.de\/lehrstuhl\/sorge.html\" target=\"_blank\" rel=\"noopener\"><img loading=\"lazy\" decoding=\"async\" width=\"300\" height=\"121\" src=\"https:\/\/daccord-projekt.de\/WP\/wp-content\/uploads\/2021\/10\/UdS.png\" alt=\"\" class=\"wp-image-48\"><\/a><\/figure><\/div>\n\n\n\n<p>Kontakt:<br>Universit&auml;t des Saarlandes<br>juris-Stiftungsprofessur f&uuml;r Rechtsinformatik<br>Prof. Dr. Christoph Sorge<br>Campus C3.1<br>66123 Saarbr&uuml;cken<br><a href=\"m&#97;&#105;&#x6c;&#x74;&#x6f;:&#99;&#104;&#x72;&#x69;&#x73;to&#112;&#x68;&#x2e;&#x73;or&#103;&#101;&#x40;&#x75;&#x6e;i&#45;&#115;&#x61;&#x61;&#x72;l&#97;&#110;&#x64;&#x2e;&#x64;e\">&#99;&#104;&#x72;i&#115;&#x74;&#x6f;p&#104;&#x2e;&#x73;o&#114;&#x67;&#x65;&#64;&#117;&#x6e;&#x69;-&#115;&#x61;&#x61;r&#108;&#x61;n&#100;&#46;&#x64;e<\/a><br><a href=\"https:\/\/www.uni-saarland.de\/lehrstuhl\/sorge.html\" target=\"_blank\" rel=\"noreferrer noopener\">www.legalinf.de<\/a><\/p>\n","protected":false},"excerpt":{"rendered":"<p>Informatik, die Nano- und Biowissenschaften sowie Europa bestimmen das Forschungsprofil der Universit\u00e4t des Saarlandes. Die Erfolge der Informatik und zahlreiche international anerkannte, extern finanzierte Forschungsprojekte belegen im gesamten F\u00e4cherspektrum die Qualit\u00e4t der wissenschaftlichen Arbeit. Die juris-Stiftungsprofessur f\u00fcr Rechtsinformatik (Professor Sorge)<\/p>\n","protected":false},"author":3,"featured_media":0,"parent":0,"menu_order":0,"comment_status":"closed","ping_status":"closed","template":"","meta":{"pgc_sgb_lightbox_settings":"","footnotes":""},"class_list":["post-99","page","type-page","status-publish","hentry"],"_links":{"self":[{"href":"https:\/\/daccord-projekt.de\/WP\/wp-json\/wp\/v2\/pages\/99","targetHints":{"allow":["GET"]}}],"collection":[{"href":"https:\/\/daccord-projekt.de\/WP\/wp-json\/wp\/v2\/pages"}],"about":[{"href":"https:\/\/daccord-projekt.de\/WP\/wp-json\/wp\/v2\/types\/page"}],"author":[{"embeddable":true,"href":"https:\/\/daccord-projekt.de\/WP\/wp-json\/wp\/v2\/users\/3"}],"replies":[{"embeddable":true,"href":"https:\/\/daccord-projekt.de\/WP\/wp-json\/wp\/v2\/comments?post=99"}],"version-history":[{"count":9,"href":"https:\/\/daccord-projekt.de\/WP\/wp-json\/wp\/v2\/pages\/99\/revisions"}],"predecessor-version":[{"id":168,"href":"https:\/\/daccord-projekt.de\/WP\/wp-json\/wp\/v2\/pages\/99\/revisions\/168"}],"wp:attachment":[{"href":"https:\/\/daccord-projekt.de\/WP\/wp-json\/wp\/v2\/media?parent=99"}],"curies":[{"name":"wp","href":"https:\/\/api.w.org\/{rel}","templated":true}]}}